{"id":18586,"date":"2015-06-16T16:01:19","date_gmt":"2015-06-16T16:01:19","guid":{"rendered":"https:\/\/teadlikmina.ee\/audiofailid\/?lang=en"},"modified":"2017-03-26T20:55:42","modified_gmt":"2017-03-26T18:55:42","slug":"audiofailid","status":"publish","type":"page","link":"https:\/\/teadlikmina.ee\/en\/audiofailid\/","title":{"rendered":"Audio"},"content":{"rendered":"<div class=\"wpb-content-wrapper\"><p>[vc_row][vc_column][vc_column_text]<\/p>\n<h1 style=\"text-align: left;\">Audio<\/h1>\n<p>[\/vc_column_text][vc_separator type=&#8221;small&#8221; position=&#8221;left&#8221; up=&#8221;20&#8243; down=&#8221;52&#8243;][\/vc_column][\/vc_row][vc_row][vc_column][vc_column_text]<\/p>\n<ul>\n<li><strong>&#8220;Kes olen mina?&#8221; Klassikaraadio saatesarjas Traditsiooni Tarkus, 10.07.2006.<\/strong><\/li>\n<\/ul>\n<p><strong>Pikkus: 52:45<\/strong><br \/>\nUurime, kes ma olen, avastame j\u00e4rjest seda, kes me ei ole? Jure ei anna \u00fchest vastust \u2013 teekond j\u00e4tkub. Saate k\u00fclaline Jure Biechonski on Inglismaal elav ja t\u00f6\u00f6tav Poola p\u00e4ritolu transpersonaalne ps\u00fchhoterapeut, arengups\u00fchholoog, transaktsionaalse h\u00fcpnoanal\u00fc\u00fcsi looja, kes korraldab oma praktilisi seminare maailma paljudes riikides.<\/p>\n<p>&nbsp;<\/p>\n<audio class=\"wp-audio-shortcode\" id=\"audio-18586-1\" preload=\"none\" style=\"width: 100%;\" controls=\"controls\"><source type=\"audio\/mpeg\" src=\"https:\/\/teadlikmina.ee\/\/wp-content\/uploads\/2015\/07\/Kes-olen-mina.mp3?_=1\" \/><a href=\"https:\/\/teadlikmina.ee\/\/wp-content\/uploads\/2015\/07\/Kes-olen-mina.mp3\">https:\/\/teadlikmina.ee\/\/wp-content\/uploads\/2015\/07\/Kes-olen-mina.mp3<\/a><\/audio>\n<p>[\/vc_column_text][vc_separator type=&#8221;transparent&#8221; up=&#8221;10&#8243; down=&#8221;50&#8243;][\/vc_column][\/vc_row][vc_row][vc_column][vc_column_text]<\/p>\n<ul>\n<li><strong>&#8220;\u00d5htuseminar Tallinnas 19.01.2011&#8221;\u00a0<\/strong><\/li>\n<\/ul>\n<p><strong>Pikkus: 1:20:58<\/strong><br \/>\nJure r\u00e4\u00e4gib \u00f5htuseminaril teemal kirg, missioon ja kaastunne.<\/p>\n<p>&nbsp;<\/p>\n<audio class=\"wp-audio-shortcode\" id=\"audio-18586-2\" preload=\"none\" style=\"width: 100%;\" controls=\"controls\"><source type=\"audio\/mpeg\" src=\"https:\/\/teadlikmina.ee\/\/wp-content\/uploads\/2015\/07\/merikeseaudiofail-loigatud.mp3?_=2\" \/><a href=\"https:\/\/teadlikmina.ee\/\/wp-content\/uploads\/2015\/07\/merikeseaudiofail-loigatud.mp3\">https:\/\/teadlikmina.ee\/\/wp-content\/uploads\/2015\/07\/merikeseaudiofail-loigatud.mp3<\/a><\/audio>\n<p>[\/vc_column_text][vc_separator type=&#8221;transparent&#8221; up=&#8221;10&#8243; down=&#8221;50&#8243;][\/vc_column][\/vc_row][vc_row][vc_column][vc_column_text]<\/p>\n<ul>\n<li><strong>&#8220;Surm I&#8221; Klassikaraadio saatesarjas Traditsiooni Tarkus, 20.07.2006<\/strong><br \/>\n<strong> Pikkus: 51:13<\/strong><br \/>\nSurm ja surmaga seotud kogemused. Elu (?) p\u00e4rast surma. Saate k\u00fclaline on Jure Biechonski (Inglismaa), sarja autor Peeter Liiv.<\/li>\n<\/ul>\n<p>&nbsp;<\/p>\n<audio class=\"wp-audio-shortcode\" id=\"audio-18586-3\" preload=\"none\" style=\"width: 100%;\" controls=\"controls\"><source type=\"audio\/mpeg\" src=\"https:\/\/teadlikmina.ee\/\/wp-content\/uploads\/2015\/07\/Surm-1.mp3?_=3\" \/><a href=\"https:\/\/teadlikmina.ee\/\/wp-content\/uploads\/2015\/07\/Surm-1.mp3\">https:\/\/teadlikmina.ee\/\/wp-content\/uploads\/2015\/07\/Surm-1.mp3<\/a><\/audio>\n<p>[\/vc_column_text][vc_separator type=&#8221;transparent&#8221; up=&#8221;10&#8243; down=&#8221;50&#8243;][\/vc_column][\/vc_row][vc_row][vc_column][vc_column_text]<\/p>\n<ul>\n<li><strong>&#8220;Surm II&#8221; Klassikaraadio saatesarjas Traditsiooni Tarkus, 21.07.2006<\/strong><br \/>\n<strong> Pikkus: 53:35<\/strong><br \/>\nSurm ja surmaga seotud kogemused. Elu (?) p\u00e4rast surma. Saate k\u00fclaline on Jure Biechonski (Inglismaa), sarja autor Peeter Liiv.<\/li>\n<\/ul>\n<p>&nbsp;<\/p>\n<audio class=\"wp-audio-shortcode\" id=\"audio-18586-4\" preload=\"none\" style=\"width: 100%;\" controls=\"controls\"><source type=\"audio\/mpeg\" src=\"https:\/\/teadlikmina.ee\/\/wp-content\/uploads\/2015\/07\/Surm-2.mp3?_=4\" \/><a href=\"https:\/\/teadlikmina.ee\/\/wp-content\/uploads\/2015\/07\/Surm-2.mp3\">https:\/\/teadlikmina.ee\/\/wp-content\/uploads\/2015\/07\/Surm-2.mp3<\/a><\/audio>\n<p>[\/vc_column_text][vc_separator type=&#8221;transparent&#8221; up=&#8221;10&#8243; down=&#8221;50&#8243;][\/vc_column][\/vc_row][vc_row][vc_column][vc_column_text]<\/p>\n<ul>\n<li><strong>&#8220;Teekond lapsep\u00f5lve&#8221; Klassikaraadio saatesarjas Traditsiooni Tarkus, 13.07.2006<\/strong><br \/>\n<strong> Pikkus: 52:20<\/strong><br \/>\nSaate k\u00fclaline Jure Biechonski on Inglismaal elav ja t\u00f6\u00f6tav Poola p\u00e4ritolu transpersonaalne ps\u00fchhoterapeut, arengups\u00fchholoog, transaktsionaalse h\u00fcpnoanal\u00fc\u00fcsi looja, kes korraldab oma praktilisi seminare maailma paljudes riikides. T\u00f5lgib Merike Kahju. Sarja autor on Peeter Liiv.<\/li>\n<\/ul>\n<p>&nbsp;<\/p>\n<audio class=\"wp-audio-shortcode\" id=\"audio-18586-5\" preload=\"none\" style=\"width: 100%;\" controls=\"controls\"><source type=\"audio\/mpeg\" src=\"https:\/\/teadlikmina.ee\/\/wp-content\/uploads\/2015\/07\/Teekond-lapsepolve.mp3?_=5\" \/><a href=\"https:\/\/teadlikmina.ee\/\/wp-content\/uploads\/2015\/07\/Teekond-lapsepolve.mp3\">https:\/\/teadlikmina.ee\/\/wp-content\/uploads\/2015\/07\/Teekond-lapsepolve.mp3<\/a><\/audio>\n<p>[\/vc_column_text][vc_separator type=&#8221;transparent&#8221; up=&#8221;10&#8243; down=&#8221;50&#8243;][\/vc_column][\/vc_row][vc_row][vc_column][vc_column_text]<\/p>\n<ul>\n<li><strong>&#8220;Unen\u00e4gude t\u00f5lgendamine&#8221; Klassikaraadio saatesarjas Traditsiooni Tarkus, 11.07.2006<\/strong><br \/>\n<strong> Pikkus: 53:21<\/strong><br \/>\nKuidas t\u00f5lgendada unen\u00e4gusid? Kuidas aitab unen\u00e4gude ununenud osi meelde tuletada h\u00fcpnoanal\u00fc\u00fcs? Saate k\u00fclaline Jure Biechonski demonstreerib seda konkreetse seansiga otse eetris.<\/li>\n<\/ul>\n<p>&nbsp;<\/p>\n<audio class=\"wp-audio-shortcode\" id=\"audio-18586-6\" preload=\"none\" style=\"width: 100%;\" controls=\"controls\"><source type=\"audio\/mpeg\" src=\"https:\/\/teadlikmina.ee\/\/wp-content\/uploads\/2015\/07\/Unenagude-tolgendamine.mp3?_=6\" \/><a href=\"https:\/\/teadlikmina.ee\/\/wp-content\/uploads\/2015\/07\/Unenagude-tolgendamine.mp3\">https:\/\/teadlikmina.ee\/\/wp-content\/uploads\/2015\/07\/Unenagude-tolgendamine.mp3<\/a><\/audio>\n<p>[\/vc_column_text][vc_separator type=&#8221;transparent&#8221; up=&#8221;10&#8243; down=&#8221;50&#8243;][\/vc_column][\/vc_row]<\/p>\n<\/div>","protected":false},"excerpt":{"rendered":"<p>[vc_row][vc_column][vc_column_text] Audio [\/vc_column_text][vc_separator type=&#8221;small&#8221; position=&#8221;left&#8221; up=&#8221;20&#8243; down=&#8221;52&#8243;][\/vc_column][\/vc_row][vc_row][vc_column][vc_column_text] &#8220;Kes olen mina?&#8221; Klassikaraadio saatesarjas Traditsiooni Tarkus, 10.07.2006. Pikkus: 52:45 Uurime, kes ma olen, avastame j\u00e4rjest seda, kes me ei ole? Jure ei anna \u00fchest vastust \u2013 teekond j\u00e4tkub. Saate k\u00fclaline Jure Biechonski on Inglismaal elav ja t\u00f6\u00f6tav&#8230;<\/p>\n","protected":false},"author":4,"featured_media":0,"parent":0,"menu_order":0,"comment_status":"open","ping_status":"open","template":"","meta":{"footnotes":""},"class_list":["post-18586","page","type-page","status-publish","hentry"],"yoast_head":"<!-- This site is optimized with the Yoast SEO plugin v27.4 - https:\/\/yoast.com\/product\/yoast-seo-wordpress\/ -->\n<title>Audio - Teadlik Mina<\/title>\n<meta name=\"robots\" content=\"index, follow, max-snippet:-1, max-image-preview:large, max-video-preview:-1\" \/>\n<link rel=\"canonical\" href=\"https:\/\/teadlikmina.ee\/en\/audiofailid\/\" \/>\n<meta property=\"og:locale\" content=\"en_US\" \/>\n<meta property=\"og:type\" content=\"article\" \/>\n<meta property=\"og:title\" content=\"Audio - Teadlik Mina\" \/>\n<meta property=\"og:description\" content=\"[vc_row][vc_column][vc_column_text] Audio [\/vc_column_text][vc_separator type=&#8221;small&#8221; position=&#8221;left&#8221; up=&#8221;20&#8243; down=&#8221;52&#8243;][\/vc_column][\/vc_row][vc_row][vc_column][vc_column_text] &#8220;Kes olen mina?&#8221; Klassikaraadio saatesarjas Traditsiooni Tarkus, 10.07.2006. Pikkus: 52:45 Uurime, kes ma olen, avastame j\u00e4rjest seda, kes me ei ole? Jure ei anna \u00fchest vastust \u2013 teekond j\u00e4tkub. Saate k\u00fclaline Jure Biechonski on Inglismaal elav ja t\u00f6\u00f6tav...\" \/>\n<meta property=\"og:url\" content=\"https:\/\/teadlikmina.ee\/en\/audiofailid\/\" \/>\n<meta property=\"og:site_name\" content=\"Teadlik Mina\" \/>\n<meta property=\"article:publisher\" content=\"https:\/\/www.facebook.com\/terviklik.mina\" \/>\n<meta property=\"article:modified_time\" content=\"2017-03-26T18:55:42+00:00\" \/>\n<meta property=\"og:image\" content=\"https:\/\/teadlikmina.ee\/wp-content\/uploads\/2023\/10\/fb-preview.png\" \/>\n\t<meta property=\"og:image:width\" content=\"200\" \/>\n\t<meta property=\"og:image:height\" content=\"200\" \/>\n\t<meta property=\"og:image:type\" content=\"image\/png\" \/>\n<meta name=\"twitter:card\" content=\"summary_large_image\" \/>\n<meta name=\"twitter:label1\" content=\"Est. reading time\" \/>\n\t<meta name=\"twitter:data1\" content=\"2 minutes\" \/>\n<script type=\"application\/ld+json\" class=\"yoast-schema-graph\">{\"@context\":\"https:\\\/\\\/schema.org\",\"@graph\":[{\"@type\":\"WebPage\",\"@id\":\"https:\\\/\\\/teadlikmina.ee\\\/en\\\/audiofailid\\\/\",\"url\":\"https:\\\/\\\/teadlikmina.ee\\\/en\\\/audiofailid\\\/\",\"name\":\"Audio - Teadlik Mina\",\"isPartOf\":{\"@id\":\"https:\\\/\\\/teadlikmina.ee\\\/#website\"},\"datePublished\":\"2015-06-16T16:01:19+00:00\",\"dateModified\":\"2017-03-26T18:55:42+00:00\",\"breadcrumb\":{\"@id\":\"https:\\\/\\\/teadlikmina.ee\\\/en\\\/audiofailid\\\/#breadcrumb\"},\"inLanguage\":\"en-US\",\"potentialAction\":[{\"@type\":\"ReadAction\",\"target\":[\"https:\\\/\\\/teadlikmina.ee\\\/en\\\/audiofailid\\\/\"]}]},{\"@type\":\"BreadcrumbList\",\"@id\":\"https:\\\/\\\/teadlikmina.ee\\\/en\\\/audiofailid\\\/#breadcrumb\",\"itemListElement\":[{\"@type\":\"ListItem\",\"position\":1,\"name\":\"Home\",\"item\":\"https:\\\/\\\/teadlikmina.ee\\\/en\\\/\"},{\"@type\":\"ListItem\",\"position\":2,\"name\":\"Audio\"}]},{\"@type\":\"WebSite\",\"@id\":\"https:\\\/\\\/teadlikmina.ee\\\/#website\",\"url\":\"https:\\\/\\\/teadlikmina.ee\\\/\",\"name\":\"Teadlik Mina\",\"description\":\"Transpersonaalse ps\u00fchholoogia ja h\u00fcpnoteraapia erakool\",\"potentialAction\":[{\"@type\":\"SearchAction\",\"target\":{\"@type\":\"EntryPoint\",\"urlTemplate\":\"https:\\\/\\\/teadlikmina.ee\\\/?s={search_term_string}\"},\"query-input\":{\"@type\":\"PropertyValueSpecification\",\"valueRequired\":true,\"valueName\":\"search_term_string\"}}],\"inLanguage\":\"en-US\"}]}<\/script>\n<!-- \/ Yoast SEO plugin. -->","yoast_head_json":{"title":"Audio - Teadlik Mina","robots":{"index":"index","follow":"follow","max-snippet":"max-snippet:-1","max-image-preview":"max-image-preview:large","max-video-preview":"max-video-preview:-1"},"canonical":"https:\/\/teadlikmina.ee\/en\/audiofailid\/","og_locale":"en_US","og_type":"article","og_title":"Audio - Teadlik Mina","og_description":"[vc_row][vc_column][vc_column_text] Audio [\/vc_column_text][vc_separator type=&#8221;small&#8221; position=&#8221;left&#8221; up=&#8221;20&#8243; down=&#8221;52&#8243;][\/vc_column][\/vc_row][vc_row][vc_column][vc_column_text] &#8220;Kes olen mina?&#8221; Klassikaraadio saatesarjas Traditsiooni Tarkus, 10.07.2006. Pikkus: 52:45 Uurime, kes ma olen, avastame j\u00e4rjest seda, kes me ei ole? Jure ei anna \u00fchest vastust \u2013 teekond j\u00e4tkub. Saate k\u00fclaline Jure Biechonski on Inglismaal elav ja t\u00f6\u00f6tav...","og_url":"https:\/\/teadlikmina.ee\/en\/audiofailid\/","og_site_name":"Teadlik Mina","article_publisher":"https:\/\/www.facebook.com\/terviklik.mina","article_modified_time":"2017-03-26T18:55:42+00:00","og_image":[{"width":200,"height":200,"url":"https:\/\/teadlikmina.ee\/wp-content\/uploads\/2023\/10\/fb-preview.png","type":"image\/png"}],"twitter_card":"summary_large_image","twitter_misc":{"Est. reading time":"2 minutes"},"schema":{"@context":"https:\/\/schema.org","@graph":[{"@type":"WebPage","@id":"https:\/\/teadlikmina.ee\/en\/audiofailid\/","url":"https:\/\/teadlikmina.ee\/en\/audiofailid\/","name":"Audio - Teadlik Mina","isPartOf":{"@id":"https:\/\/teadlikmina.ee\/#website"},"datePublished":"2015-06-16T16:01:19+00:00","dateModified":"2017-03-26T18:55:42+00:00","breadcrumb":{"@id":"https:\/\/teadlikmina.ee\/en\/audiofailid\/#breadcrumb"},"inLanguage":"en-US","potentialAction":[{"@type":"ReadAction","target":["https:\/\/teadlikmina.ee\/en\/audiofailid\/"]}]},{"@type":"BreadcrumbList","@id":"https:\/\/teadlikmina.ee\/en\/audiofailid\/#breadcrumb","itemListElement":[{"@type":"ListItem","position":1,"name":"Home","item":"https:\/\/teadlikmina.ee\/en\/"},{"@type":"ListItem","position":2,"name":"Audio"}]},{"@type":"WebSite","@id":"https:\/\/teadlikmina.ee\/#website","url":"https:\/\/teadlikmina.ee\/","name":"Teadlik Mina","description":"Transpersonaalse ps\u00fchholoogia ja h\u00fcpnoteraapia erakool","potentialAction":[{"@type":"SearchAction","target":{"@type":"EntryPoint","urlTemplate":"https:\/\/teadlikmina.ee\/?s={search_term_string}"},"query-input":{"@type":"PropertyValueSpecification","valueRequired":true,"valueName":"search_term_string"}}],"inLanguage":"en-US"}]}},"_links":{"self":[{"href":"https:\/\/teadlikmina.ee\/en\/wp-json\/wp\/v2\/pages\/18586","targetHints":{"allow":["GET"]}}],"collection":[{"href":"https:\/\/teadlikmina.ee\/en\/wp-json\/wp\/v2\/pages"}],"about":[{"href":"https:\/\/teadlikmina.ee\/en\/wp-json\/wp\/v2\/types\/page"}],"author":[{"embeddable":true,"href":"https:\/\/teadlikmina.ee\/en\/wp-json\/wp\/v2\/users\/4"}],"replies":[{"embeddable":true,"href":"https:\/\/teadlikmina.ee\/en\/wp-json\/wp\/v2\/comments?post=18586"}],"version-history":[{"count":0,"href":"https:\/\/teadlikmina.ee\/en\/wp-json\/wp\/v2\/pages\/18586\/revisions"}],"wp:attachment":[{"href":"https:\/\/teadlikmina.ee\/en\/wp-json\/wp\/v2\/media?parent=18586"}],"curies":[{"name":"wp","href":"https:\/\/api.w.org\/{rel}","templated":true}]}}