{"id":18674,"date":"2014-04-30T12:37:18","date_gmt":"2014-04-30T12:37:18","guid":{"rendered":"https:\/\/teadlikmina.ee\/avaleht\/?lang=en"},"modified":"2022-09-08T17:55:52","modified_gmt":"2022-09-08T14:55:52","slug":"home","status":"publish","type":"page","link":"https:\/\/teadlikmina.ee\/en\/","title":{"rendered":"Home"},"content":{"rendered":"<div class=\"wpb-content-wrapper\"><p>[vc_row css_animation=&#8221;&#8221; row_type=&#8221;row&#8221; use_row_as_full_screen_section=&#8221;no&#8221; type=&#8221;grid&#8221; angled_section=&#8221;no&#8221; text_align=&#8221;left&#8221; background_image_as_pattern=&#8221;without_pattern&#8221; padding_top=&#8221;20&#8243; padding_bottom=&#8221;34&#8243;][vc_column][vc_column_text]<\/p>\n<h3 style=\"text-align: right;\"><span style=\"color: #cf3232;\"><em>the joy of being yourself<\/em><\/span><\/h3>\n<p>[\/vc_column_text][vc_separator type=&#8221;transparent&#8221; up=&#8221;45&#8243;][vc_row_inner row_type=&#8221;row&#8221; type=&#8221;full_width&#8221; text_align=&#8221;left&#8221; css_animation=&#8221;&#8221; el_class=&#8221;front-page-customs&#8221;][vc_column_inner width=&#8221;1\/3&#8243;]<div class='q_icon_with_title medium custom_icon_image '><div class=\"icon_holder \" style=\" \"><img decoding=\"async\" itemprop=\"image\" style=\"\" src=\"https:\/\/teadlikmina.ee\/wp-content\/uploads\/2015\/06\/ikoon_kollane.png\" alt=\"\"><\/a><\/div><div class=\"icon_text_holder\" style=\"\"><div class=\"icon_text_inner\" style=\"\"><h5 class=\"icon_title\" style=\"\">HYPNOTHERAPY<\/h5><p style=''>Hypnotherapy is a therapeutic approach in transpersonal psychology. It is a practical set of methods that combines psychology, philosophy and hypnosis.<\/p><a itemprop='url' class='icon_with_title_link' href='https:\/\/teadlikmina.ee\/\/hypnoteraapia\/' target='_self' style=''><b>Loe edasi<\/b><\/a><\/div><\/div><\/div>[vc_separator type=&#8221;transparent&#8221; up=&#8221;10&#8243; down=&#8221;10&#8243;]<a  itemprop=\"url\" href=\"https:\/\/teadlikmina.ee\/hupnoteraapia\/registreerumine\/\" target=\"_self\"  class=\"qbutton  small default\" style=\"\">Register here<\/a>[vc_separator type=&#8221;transparent&#8221; up=&#8221;26&#8243; down=&#8221;24&#8243;][\/vc_column_inner][vc_column_inner width=&#8221;1\/3&#8243;]<div class='q_icon_with_title medium custom_icon_image '><div class=\"icon_holder \" style=\" \"><img decoding=\"async\" itemprop=\"image\" style=\"\" src=\"https:\/\/teadlikmina.ee\/wp-content\/uploads\/2015\/06\/ikoon_sinine.png\" alt=\"\"><\/a><\/div><div class=\"icon_text_holder\" style=\"\"><div class=\"icon_text_inner\" style=\"\"><h5 class=\"icon_title\" style=\"\">BODY PSYCHOTHERAPY<\/h5><p style=''>Core Evolution is a body oriented and life energy centered professional analytic therapeutic approach, counselling and training system in integrative psychotherapy.<\/p><a itemprop='url' class='icon_with_title_link' href='https:\/\/teadlikmina.ee\/\/kehapsyhhoteraapia\/' target='_self' style=''><b>Loe edasi<\/b><\/a><\/div><\/div><\/div>[vc_separator type=&#8221;transparent&#8221; up=&#8221;10&#8243; down=&#8221;10&#8243;]<a  itemprop=\"url\" href=\"https:\/\/teadlikmina.ee\/kehapsyhhoteraapia\/registreerumine\/\" target=\"_self\"  class=\"qbutton  small default\" style=\"\">Register here<\/a>[vc_separator type=&#8221;transparent&#8221; up=&#8221;26&#8243; down=&#8221;24&#8243;][\/vc_column_inner][vc_column_inner width=&#8221;1\/3&#8243;]<div class='q_icon_with_title medium custom_icon_image '><div class=\"icon_holder \" style=\" \"><img decoding=\"async\" itemprop=\"image\" style=\"\" src=\"https:\/\/teadlikmina.ee\/wp-content\/uploads\/2015\/06\/ikoon_roheline.png\" alt=\"\"><\/a><\/div><div class=\"icon_text_holder\" style=\"\"><div class=\"icon_text_inner\" style=\"\"><h5 class=\"icon_title\" style=\"\">SEMINARS<\/h5><p style=''>Practical seminars for personal growth and professional development. Lifelong learning for creating yourself a better life.<\/p><a itemprop='url' class='icon_with_title_link' href='https:\/\/teadlikmina.ee\/koolitused\/?lang=en' target='_self' style=''><b>Loe edasi<\/b><\/a><\/div><\/div><\/div>[vc_separator type=&#8221;transparent&#8221; up=&#8221;10&#8243; down=&#8221;10&#8243;]<a  itemprop=\"url\" href=\"https:\/\/teadlikmina.ee\/en\/seminars\/registering\/\" target=\"_self\"  class=\"qbutton  small default\" style=\"\">Register here<\/a>[vc_separator type=&#8221;transparent&#8221; up=&#8221;26&#8243; down=&#8221;26&#8243;][\/vc_column_inner][\/vc_row_inner][\/vc_column][\/vc_row][vc_row css_animation=&#8221;&#8221; row_type=&#8221;row&#8221; use_row_as_full_screen_section=&#8221;no&#8221; type=&#8221;grid&#8221; angled_section=&#8221;no&#8221; text_align=&#8221;left&#8221; background_image_as_pattern=&#8221;without_pattern&#8221; anchor=&#8221;portfolio&#8221; background_image=&#8221;16144&#8243; background_color=&#8221;#ffffff&#8221; border_color=&#8221;#eeeeee&#8221; padding_top=&#8221;70&#8243; padding_bottom=&#8221;5&#8243;][vc_column]<div class='testimonials_holder clearfix light'><div class=\"testimonials testimonials_carousel\" data-show-navigation=\"yes\" data-animation-type=\"fade\" data-animation-speed=\"1000\" data-auto-rotate-slides=\"0\" data-number-per-slide=\"1\"><ul class=\"slides\"><li id=\"testimonials18830\" class=\"testimonial_content\"><div class=\"testimonial_content_inner\"><div class=\"testimonial_text_holder\"><div class=\"testimonial_text_inner\" style=\"\"><p style='font-size:20px;'>We are all labelling, to be honest. When we do it consciously, we can change the old label with a new one. When we do it unconsciously, it will stay forever.<\/p><p class=\"testimonial_author\" style=\"font-weight: 600;\"><\/p><\/div><\/div><\/div><\/li><li id=\"testimonials18829\" class=\"testimonial_content\"><div class=\"testimonial_content_inner\"><div class=\"testimonial_text_holder\"><div class=\"testimonial_text_inner\" style=\"\"><p style='font-size:20px;'>The way I treat my own children, I treat also my inner psychological child.<\/p><p class=\"testimonial_author\" style=\"font-weight: 600;\"><\/p><\/div><\/div><\/div><\/li><li id=\"testimonials18831\" class=\"testimonial_content\"><div class=\"testimonial_content_inner\"><div class=\"testimonial_text_holder\"><div class=\"testimonial_text_inner\" style=\"\"><p style='font-size:20px;'>If you change someone\u2019s physiological state but do not change his thinking, nothing will actually change.<\/p><p class=\"testimonial_author\" style=\"font-weight: 600;\"><\/p><\/div><\/div><\/div><\/li><li id=\"testimonials18827\" class=\"testimonial_content\"><div class=\"testimonial_content_inner\"><div class=\"testimonial_text_holder\"><div class=\"testimonial_text_inner\" style=\"\"><p style='font-size:20px;'>The only person whose behaviour you can change is yourself.<\/p><p class=\"testimonial_author\" style=\"font-weight: 600;\"><\/p><\/div><\/div><\/div><\/li><li id=\"testimonials18826\" class=\"testimonial_content\"><div class=\"testimonial_content_inner\"><div class=\"testimonial_text_holder\"><div class=\"testimonial_text_inner\" style=\"\"><p style='font-size:20px;'>Therapy is like a couple\u2019s dance between the client and the therapist.<\/p><p class=\"testimonial_author\" style=\"font-weight: 600;\"><\/p><\/div><\/div><\/div><\/li><li id=\"testimonials18828\" class=\"testimonial_content\"><div class=\"testimonial_content_inner\"><div class=\"testimonial_text_holder\"><div class=\"testimonial_text_inner\" style=\"\"><p style='font-size:20px;'>Sometimes you are afraid of talking to your parents, even if you are psysically taller than them, because they still have power over you.<\/p><p class=\"testimonial_author\" style=\"font-weight: 600;\"><\/p><\/div><\/div><\/div><\/li><\/ul><\/div><\/div>[vc_separator type=&#8221;transparent&#8221; up=&#8221;50&#8243;][\/vc_column][\/vc_row][vc_row css_animation=&#8221;&#8221; row_type=&#8221;row&#8221; use_row_as_full_screen_section=&#8221;no&#8221; type=&#8221;grid&#8221; angled_section=&#8221;no&#8221; text_align=&#8221;left&#8221; background_image_as_pattern=&#8221;without_pattern&#8221; background_color=&#8221;#f8f8f8&#8243; border_color=&#8221;#eeeeee&#8221; padding_top=&#8221;40&#8243; padding_bottom=&#8221;20&#8243;][vc_column width=&#8221;1\/4&#8243;][vc_separator type=&#8221;transparent&#8221; up=&#8221;68&#8243; down=&#8221;0&#8243;][\/vc_column][vc_column width=&#8221;3\/4&#8243;][vc_separator type=&#8221;transparent&#8221; up=&#8221;10&#8243; down=&#8221;0&#8243;][vc_separator type=&#8221;transparent&#8221; up=&#8221;20&#8243; down=&#8221;0&#8243;][\/vc_column][\/vc_row]<\/p>\n<\/div>","protected":false},"excerpt":{"rendered":"<p>[vc_row css_animation=&#8221;&#8221; row_type=&#8221;row&#8221; use_row_as_full_screen_section=&#8221;no&#8221; type=&#8221;grid&#8221; angled_section=&#8221;no&#8221; text_align=&#8221;left&#8221; background_image_as_pattern=&#8221;without_pattern&#8221; padding_top=&#8221;20&#8243; padding_bottom=&#8221;34&#8243;][vc_column][vc_column_text] the joy of being yourself [\/vc_column_text][vc_separator type=&#8221;transparent&#8221; up=&#8221;45&#8243;][vc_row_inner row_type=&#8221;row&#8221; type=&#8221;full_width&#8221; text_align=&#8221;left&#8221; css_animation=&#8221;&#8221; el_class=&#8221;front-page-customs&#8221;][vc_column_inner width=&#8221;1\/3&#8243;][vc_separator type=&#8221;transparent&#8221; up=&#8221;10&#8243; down=&#8221;10&#8243;][vc_separator type=&#8221;transparent&#8221; up=&#8221;26&#8243; down=&#8221;24&#8243;][\/vc_column_inner][vc_column_inner width=&#8221;1\/3&#8243;][vc_separator type=&#8221;transparent&#8221; up=&#8221;10&#8243; down=&#8221;10&#8243;][vc_separator type=&#8221;transparent&#8221; up=&#8221;26&#8243; down=&#8221;24&#8243;][\/vc_column_inner][vc_column_inner width=&#8221;1\/3&#8243;][vc_separator type=&#8221;transparent&#8221; up=&#8221;10&#8243; down=&#8221;10&#8243;][vc_separator type=&#8221;transparent&#8221; up=&#8221;26&#8243; down=&#8221;26&#8243;][\/vc_column_inner][\/vc_row_inner][\/vc_column][\/vc_row][vc_row css_animation=&#8221;&#8221;&#8230;<\/p>\n","protected":false},"author":4,"featured_media":0,"parent":0,"menu_order":0,"comment_status":"open","ping_status":"open","template":"full_width.php","meta":{"footnotes":""},"class_list":["post-18674","page","type-page","status-publish","hentry"],"yoast_head":"<!-- This site is optimized with the Yoast SEO plugin v27.4 - https:\/\/yoast.com\/product\/yoast-seo-wordpress\/ -->\n<title>Avaleht - Teadlik Mina<\/title>\n<meta name=\"description\" content=\"Teadlik Mina avaleht pakub informatsiooni meie poolt pakutavate koolituste ning v\u00e4lja\u00f5ppe kohta. Lisaks leiate siit ka lugemismaterjale. Vaata l\u00e4hemalt!\" \/>\n<meta name=\"robots\" content=\"index, follow, max-snippet:-1, max-image-preview:large, max-video-preview:-1\" \/>\n<link rel=\"canonical\" href=\"https:\/\/teadlikmina.ee\/en\/\" \/>\n<meta property=\"og:locale\" content=\"en_US\" \/>\n<meta property=\"og:type\" content=\"article\" \/>\n<meta property=\"og:title\" content=\"Avaleht - Teadlik Mina\" \/>\n<meta property=\"og:description\" content=\"Teadlik Mina avaleht pakub informatsiooni meie poolt pakutavate koolituste ning v\u00e4lja\u00f5ppe kohta. Lisaks leiate siit ka lugemismaterjale. Vaata l\u00e4hemalt!\" \/>\n<meta property=\"og:url\" content=\"https:\/\/teadlikmina.ee\/en\/\" \/>\n<meta property=\"og:site_name\" content=\"Teadlik Mina\" \/>\n<meta property=\"article:publisher\" content=\"https:\/\/www.facebook.com\/terviklik.mina\" \/>\n<meta property=\"article:modified_time\" content=\"2022-09-08T14:55:52+00:00\" \/>\n<meta property=\"og:image\" content=\"https:\/\/teadlikmina.ee\/wp-content\/uploads\/2023\/10\/fb-preview.png\" \/>\n\t<meta property=\"og:image:width\" content=\"200\" \/>\n\t<meta property=\"og:image:height\" content=\"200\" \/>\n\t<meta property=\"og:image:type\" content=\"image\/png\" \/>\n<meta name=\"twitter:card\" content=\"summary_large_image\" \/>\n<meta name=\"twitter:label1\" content=\"Est. reading time\" \/>\n\t<meta name=\"twitter:data1\" content=\"2 minutes\" \/>\n<script type=\"application\/ld+json\" class=\"yoast-schema-graph\">{\"@context\":\"https:\\\/\\\/schema.org\",\"@graph\":[{\"@type\":\"WebPage\",\"@id\":\"https:\\\/\\\/teadlikmina.ee\\\/en\\\/\",\"url\":\"https:\\\/\\\/teadlikmina.ee\\\/en\\\/\",\"name\":\"Avaleht - Teadlik Mina\",\"isPartOf\":{\"@id\":\"https:\\\/\\\/teadlikmina.ee\\\/#website\"},\"datePublished\":\"2014-04-30T12:37:18+00:00\",\"dateModified\":\"2022-09-08T14:55:52+00:00\",\"description\":\"Teadlik Mina avaleht pakub informatsiooni meie poolt pakutavate koolituste ning v\u00e4lja\u00f5ppe kohta. Lisaks leiate siit ka lugemismaterjale. Vaata l\u00e4hemalt!\",\"breadcrumb\":{\"@id\":\"https:\\\/\\\/teadlikmina.ee\\\/en\\\/#breadcrumb\"},\"inLanguage\":\"en-US\",\"potentialAction\":[{\"@type\":\"ReadAction\",\"target\":[\"https:\\\/\\\/teadlikmina.ee\\\/en\\\/\"]}]},{\"@type\":\"BreadcrumbList\",\"@id\":\"https:\\\/\\\/teadlikmina.ee\\\/en\\\/#breadcrumb\",\"itemListElement\":[{\"@type\":\"ListItem\",\"position\":1,\"name\":\"Home\",\"item\":\"https:\\\/\\\/teadlikmina.ee\\\/en\\\/\"},{\"@type\":\"ListItem\",\"position\":2,\"name\":\"Home\"}]},{\"@type\":\"WebSite\",\"@id\":\"https:\\\/\\\/teadlikmina.ee\\\/#website\",\"url\":\"https:\\\/\\\/teadlikmina.ee\\\/\",\"name\":\"Teadlik Mina\",\"description\":\"Transpersonaalse ps\u00fchholoogia ja h\u00fcpnoteraapia erakool\",\"potentialAction\":[{\"@type\":\"SearchAction\",\"target\":{\"@type\":\"EntryPoint\",\"urlTemplate\":\"https:\\\/\\\/teadlikmina.ee\\\/?s={search_term_string}\"},\"query-input\":{\"@type\":\"PropertyValueSpecification\",\"valueRequired\":true,\"valueName\":\"search_term_string\"}}],\"inLanguage\":\"en-US\"}]}<\/script>\n<!-- \/ Yoast SEO plugin. -->","yoast_head_json":{"title":"Avaleht - Teadlik Mina","description":"Teadlik Mina avaleht pakub informatsiooni meie poolt pakutavate koolituste ning v\u00e4lja\u00f5ppe kohta. Lisaks leiate siit ka lugemismaterjale. Vaata l\u00e4hemalt!","robots":{"index":"index","follow":"follow","max-snippet":"max-snippet:-1","max-image-preview":"max-image-preview:large","max-video-preview":"max-video-preview:-1"},"canonical":"https:\/\/teadlikmina.ee\/en\/","og_locale":"en_US","og_type":"article","og_title":"Avaleht - Teadlik Mina","og_description":"Teadlik Mina avaleht pakub informatsiooni meie poolt pakutavate koolituste ning v\u00e4lja\u00f5ppe kohta. Lisaks leiate siit ka lugemismaterjale. Vaata l\u00e4hemalt!","og_url":"https:\/\/teadlikmina.ee\/en\/","og_site_name":"Teadlik Mina","article_publisher":"https:\/\/www.facebook.com\/terviklik.mina","article_modified_time":"2022-09-08T14:55:52+00:00","og_image":[{"width":200,"height":200,"url":"https:\/\/teadlikmina.ee\/wp-content\/uploads\/2023\/10\/fb-preview.png","type":"image\/png"}],"twitter_card":"summary_large_image","twitter_misc":{"Est. reading time":"2 minutes"},"schema":{"@context":"https:\/\/schema.org","@graph":[{"@type":"WebPage","@id":"https:\/\/teadlikmina.ee\/en\/","url":"https:\/\/teadlikmina.ee\/en\/","name":"Avaleht - Teadlik Mina","isPartOf":{"@id":"https:\/\/teadlikmina.ee\/#website"},"datePublished":"2014-04-30T12:37:18+00:00","dateModified":"2022-09-08T14:55:52+00:00","description":"Teadlik Mina avaleht pakub informatsiooni meie poolt pakutavate koolituste ning v\u00e4lja\u00f5ppe kohta. Lisaks leiate siit ka lugemismaterjale. Vaata l\u00e4hemalt!","breadcrumb":{"@id":"https:\/\/teadlikmina.ee\/en\/#breadcrumb"},"inLanguage":"en-US","potentialAction":[{"@type":"ReadAction","target":["https:\/\/teadlikmina.ee\/en\/"]}]},{"@type":"BreadcrumbList","@id":"https:\/\/teadlikmina.ee\/en\/#breadcrumb","itemListElement":[{"@type":"ListItem","position":1,"name":"Home","item":"https:\/\/teadlikmina.ee\/en\/"},{"@type":"ListItem","position":2,"name":"Home"}]},{"@type":"WebSite","@id":"https:\/\/teadlikmina.ee\/#website","url":"https:\/\/teadlikmina.ee\/","name":"Teadlik Mina","description":"Transpersonaalse ps\u00fchholoogia ja h\u00fcpnoteraapia erakool","potentialAction":[{"@type":"SearchAction","target":{"@type":"EntryPoint","urlTemplate":"https:\/\/teadlikmina.ee\/?s={search_term_string}"},"query-input":{"@type":"PropertyValueSpecification","valueRequired":true,"valueName":"search_term_string"}}],"inLanguage":"en-US"}]}},"_links":{"self":[{"href":"https:\/\/teadlikmina.ee\/en\/wp-json\/wp\/v2\/pages\/18674","targetHints":{"allow":["GET"]}}],"collection":[{"href":"https:\/\/teadlikmina.ee\/en\/wp-json\/wp\/v2\/pages"}],"about":[{"href":"https:\/\/teadlikmina.ee\/en\/wp-json\/wp\/v2\/types\/page"}],"author":[{"embeddable":true,"href":"https:\/\/teadlikmina.ee\/en\/wp-json\/wp\/v2\/users\/4"}],"replies":[{"embeddable":true,"href":"https:\/\/teadlikmina.ee\/en\/wp-json\/wp\/v2\/comments?post=18674"}],"version-history":[{"count":0,"href":"https:\/\/teadlikmina.ee\/en\/wp-json\/wp\/v2\/pages\/18674\/revisions"}],"wp:attachment":[{"href":"https:\/\/teadlikmina.ee\/en\/wp-json\/wp\/v2\/media?parent=18674"}],"curies":[{"name":"wp","href":"https:\/\/api.w.org\/{rel}","templated":true}]}}