{"id":18950,"date":"2017-08-29T10:50:30","date_gmt":"2017-08-29T07:50:30","guid":{"rendered":"https:\/\/teadlikmina.ee\/en\/?page_id=18950"},"modified":"2026-01-25T18:03:48","modified_gmt":"2026-01-25T16:03:48","slug":"4-year-course-2026","status":"publish","type":"page","link":"https:\/\/teadlikmina.ee\/en\/hypnotherapy\/4-year-course-2026\/","title":{"rendered":"4-year course 2026"},"content":{"rendered":"<div class=\"wpb-content-wrapper\"><p>[vc_row css_animation=&#8221;&#8221; row_type=&#8221;row&#8221; use_row_as_full_screen_section=&#8221;no&#8221; type=&#8221;full_width&#8221; angled_section=&#8221;no&#8221; text_align=&#8221;left&#8221; background_image_as_pattern=&#8221;without_pattern&#8221; background_color=&#8221;#ffffff&#8221; padding_top=&#8221;0&#8243; padding_bottom=&#8221;95&#8243; padding=&#8221;2&#8243;][vc_column][vc_column_text]<\/p>\n<h1 style=\"text-align: left;\">4-year course 2026<\/h1>\n<div class=\"wpb_text_column wpb_content_element \">\n<div class=\"wpb_wrapper\">\n<h3><em><span style=\"color: #800080;\"><strong>First module on 13th-15th February 2026<\/strong><\/span><\/em><\/h3>\n<\/div>\n<\/div>\n<p>[\/vc_column_text][vc_separator type=&#8221;small&#8221; position=&#8221;left&#8221; up=&#8221;20&#8243; down=&#8221;52&#8243;][vc_column_text]<a href=\"https:\/\/teadlikmina.ee\/wp-content\/uploads\/2014\/04\/Jure.jpg\"><img decoding=\"async\" class=\"alignnone size-medium wp-image-16512\" src=\"https:\/\/teadlikmina.ee\/wp-content\/uploads\/2014\/04\/Jure-300x200.jpg\" alt=\"Jure\" width=\"300\" height=\"200\" srcset=\"https:\/\/teadlikmina.ee\/wp-content\/uploads\/2014\/04\/Jure-300x200.jpg 300w, https:\/\/teadlikmina.ee\/wp-content\/uploads\/2014\/04\/Jure.jpg 560w\" sizes=\"(max-width: 300px) 100vw, 300px\" \/><\/a><\/p>\n<p><strong>Jure Biechonski, MSc, counselling psychologist <\/strong><\/p>\n<h4>Do you know who you are and what kind of life you want to live?<\/h4>\n<p>[\/vc_column_text][vc_separator type=&#8221;transparent&#8221; up=&#8221;10&#8243; down=&#8221;10&#8243;][vc_column_text]Personal development is a process which begins from learning to know yourself and respecting yourself as you are at the moment. It contributes to the ability to consciously analyse our experiences in the past, to understand where we are coming from and what we have taken with us.<strong> The 4-year course of transpersonal counselling and hypnotherapy<\/strong> is the opportunity and the place, where you can learn to live in bigger harmony with the world, with yourself and your needs and restore the broken connection with your essential being and vital force. If you need some motion and change in your life &#8211; something that you might have been longing for, but have always found reasons and explanations, why it is not possible at the moment, then allow this for yourself now. <strong>It is possible to pass through the course with the purpose of personal development and also to fulfil the requirements of transpersonal counsellor training<\/strong>, which in addition to auditory participation, includes different written tasks, practising, analysing the different aspects of them and supervision. Graduates of the course have a deeper awareness and sensitivity to a world, that has become more versatile for them.[\/vc_column_text][vc_separator type=&#8221;transparent&#8221; up=&#8221;10&#8243; down=&#8221;10&#8243;][vc_column_text]<strong>You are not required to have previous theoretical knowledge of psychology. <\/strong>You only need curiosity to learn about yourself deeply on the levels of your identity and soul and expand the levels you have acquired in your life so far. Everybody is welcome to attend this course, because we are certain, that every person has a hidden potential for development and inner pressure for it to surface. It is not possible to ignore it for a long period. We are able to create a life for ourselves, which is deeper and more meaningful than before. It is difficult to do it alone, but in a caring and supportive environment it becomes a process, which brings enjoyment and change.[\/vc_column_text][vc_separator type=&#8221;transparent&#8221; up=&#8221;5&#8243; down=&#8221;20&#8243;][vc_column_text]<strong>The structure and methodology of the transpersonal counselling and hypnotherapy course <\/strong>is focused on improving the student\u2019s and their close ones&#8217; ability to live a more fulfilling life &#8211; increasing emotional wellbeing and adaptability, decreasing fatigue and stress, clarifying the meaning of life and getting better at finding solutions when you have a life crisis.<\/p>\n<p>The effectiveness of the course is based on transforming the belief systems of the students &#8211; in individual human growth and development. The techniques are acquired in the process. Or the opposite &#8211; doing conscious self-therapy while practising the techniques. Students will acquire theoretical, practical abilities and experience, which help to explain why people behave in a certain way and they will create therapeutic dialogue in a way to always be capable of adapting to the client\u2019s needs. The course teaches students to deal with the person, not the symptoms.[\/vc_column_text][vc_separator type=&#8221;transparent&#8221; up=&#8221;5&#8243; down=&#8221;20&#8243;][vc_column_text]<strong>The student, who is learning to be a transpersonal counsellor<\/strong>, needs a thorough and comprehensive practical experiential training, which includes demonstrating, practising and analysing the skills and different approaches. Firstly, this kind of training needs to include all-round acquisition of psychotherapy theories and methods. Secondly, it needs to provide skills and abilities to use different psycho- and hypnotherapeutic techniques individually and creatively. The theories and techniques need to be accustomed to a person, not the opposite.<\/p>\n<p>By connecting psychological science, art of philosophy and effectiveness of hypnosis, hypnotherapy-psychology is an innovative and effective therapeutic approach, which helps the client to look deeper from their current problems and understand their identity as a whole. This gives the therapy process a new psychological quality, which encourages the client to evaluate the different aspects of their life adequately and to find inner strength and creative ways to improve their lives with the help of a counsellor.[\/vc_column_text][vc_separator type=&#8221;transparent&#8221; up=&#8221;5&#8243; down=&#8221;20&#8243;][vc_column_text]<strong>The whole curriculum is based on the experiential principle <\/strong>&#8211; firstly, personal experience about one or another theoretical subject using practical exercises and secondly, the theory. In the third year <strong>supervised counselling practice<\/strong> takes part. It consists of 10 consecutive sessions in the same trio-group (therapist-client-observer), to gain experience of the inner dynamics of long-term therapeutic work and the effect of it in the roles of a client or a therapist. Content and overview of the training program can be found in the curriculum of &#8220;transpersonal counselling and hypnotherapy&#8221; (see also <span style=\"color: #800080;\"><a style=\"color: #800080;\" href=\"https:\/\/teadlikmina.ee\/wp-content\/uploads\/2017\/08\/Transpersonaalse-n\u00f5ustamise-ja-h\u00fcpnoteraapia-\u00f5ppekava_En-1.doc\"><span style=\"text-decoration: underline;\">here<\/span><\/a><\/span>).[\/vc_column_text][vc_separator type=&#8221;transparent&#8221; up=&#8221;5&#8243; down=&#8221;20&#8243;][vc_column_text]<strong>If You:<\/strong><\/p>\n<ul>\n<li>want to deeply get to know yourself and broaden the limits you\u00a0have had so far;<\/li>\n<li>want to improve your life and help others do the same;<\/li>\n<li>are looking for an opportunity of self-achievement and a career;<\/li>\n<li>are perhaps already involved in the field of therapy and wish to add to the therapeutic tools you already have;<\/li>\n<li>want to create a better future for the world,<\/li>\n<\/ul>\n<p>then this course, which brings development and changes, could be the next step on Your journey.<\/p>\n<p>What is the worst, that could happen, if You take this step?<\/p>\n<p>What is the best, that could happen, if You take this step?<\/p>\n<p>What happens, if you leave everything in your life the same way, as it is at the moment?<\/p>\n<p>How will it be like in 3 years?<\/p>\n<p>In 10 years?[\/vc_column_text][vc_separator type=&#8221;transparent&#8221; up=&#8221;5&#8243; down=&#8221;20&#8243;][vc_column_text]Is life only aging or is life growing to express yourself all-round? It is your choice.<\/p>\n<p>Come and experience, how chaos turns into order and clarity, complexity turns into simplicity and peacefulness appears from nowhere, yet spreads everywhere.[\/vc_column_text][vc_separator type=&#8221;transparent&#8221; up=&#8221;5&#8243; down=&#8221;20&#8243;][vc_column_text]<strong>The course will take place at 8 Ahtri street, Tallinn, on the premises of the school, once a month at the following hours: Friday 14-20, Saturday 10-18 and Sunday 9-17.<\/strong>[\/vc_column_text][vc_separator type=&#8221;transparent&#8221; up=&#8221;5&#8243; down=&#8221;20&#8243;][vc_column_text]<strong>FIRST MODULE: <span style=\"text-decoration: underline; color: #800080;\"><a style=\"color: #800080; text-decoration: underline;\" href=\"https:\/\/teadlikmina.ee\/en\/seminars\/experiential-introduction-to-hypnotherapy\/\">Experiential Introduction to Hypnotherapy<\/a><\/span><\/strong><\/p>\n<p><strong>Time:<\/strong> 13th-15th February 2026.<\/p>\n<p><b>Price: <\/b>1st module 200 euros, of which 50 euros non-refundable registration fee. The rest of the modules are 250 euros \/ month.<\/p>\n<p><strong>Location: <\/strong>Ahtri 8, VII floor Tallinn. On the premises of Erakool Teadlik Mina.<\/p>\n<p>The first module can be taken also as a separate seminar.[\/vc_column_text][vc_separator type=&#8221;transparent&#8221; up=&#8221;5&#8243; down=&#8221;20&#8243;][vc_column_text]<strong>NB! If You are not sure for yourself if this course is for You, then attend Jure Biechonski\u2019s counselling and you will get the right feeling!<\/strong><\/p>\n<p><strong>\u00a0<\/strong><\/p>\n<p><strong>Additional information: Phone +372 56 450 677 and <\/strong><a href=\"mailto:kadri@teadlikmina.ee\"><strong>info(at)teadlikmina.ee<\/strong><\/a>[\/vc_column_text][vc_separator type=&#8221;transparent&#8221; up=&#8221;5&#8243; down=&#8221;20&#8243;][vc_separator type=&#8221;transparent&#8221; up=&#8221;5&#8243; down=&#8221;40&#8243;][vc_tabs style=&#8221;boxed&#8221;][vc_tab title=&#8221;CURRICULAR WORK&#8221; tab_id=&#8221;5ba18545-3adb-3&#8243;][vc_column_text]Auditory curriculum is set to be once a month on weekends as 3-day (Fri-Sun) curricular modules on the school premises in Tallinn at the address 8 Ahtri Street (VII floor). Friday at 14-20.00, Saturday at 10-18.00 and Sunday at 9-17.00. It is possible to meet up and practise every week between the modules, in the evening practise group of the school.<\/p>\n<p>The working language is Estonian. English-Estonian and Estonian-English translations are provided and study materials are in Estonian (or in English if needed.)[\/vc_column_text][\/vc_tab][vc_tab title=&#8221;TUTORS&#8221; tab_id=&#8221;8ed5a9db-0565-1&#8243;][vc_column_text]The tutor and main lecturer of the course is the school\u2019s founder and counselling psychologist Jure Biechonski. Some of the subjects and therapeutic approaches are taught by several other internationally acclaimed trainers and therapist-practitioners from all over the world: Rebecca Sears, Angela Lattimore, Ofra ayalon, Judith Hendin, John Rowan, Siegmar Gerken, Tom Barber.[\/vc_column_text][\/vc_tab][vc_tab title=&#8221;MODULES&#8221; tab_id=&#8221;1434537523310-2-10&#8243;][vc_column_text]There are 11 modules in one curricular year: 10 curricular modules and 1 optional module. Students choose the optional module themselves during the curricular year &#8211; they will either take part in the body-mind seminar in March or K\u00e4\u00e4riku summer seminar-camp in July. Completing one optional module every curricular year is equivalent to school modules taught by guest lecturers, which means it has to be completed, if you want to receive a counselling training diploma.[\/vc_column_text][\/vc_tab][vc_tab title=&#8221;TUITION FEE&#8221; tab_id=&#8221;1434537615095-4-5&#8243;][vc_column_text]Course starting in 2025: tuition fee for the first year is 2450 euros (the 1st module for 200 euros and 9 modules for 250 euros). The modules that have been missed also need to be paid for. For years 2, 3 and 4 the tuition fee is 2500 euros (10 modules for 250 euros). In addition to the school modules, there are open seminars and the students have to participate in 4 of them during 4 years. The open seminars are paid for separately.<\/p>\n<p>&nbsp;<\/p>\n<p><strong>If you pay the yearly tuition fee all at once, you get a 10% discount. <\/strong>The reduced tuition fee is counted starting from the second module and the total sum 2025 (2250-10%) euros has to be paid by the beginning of the second module. For years 2, 3 and 4 the reduced tuition fee is 2250 euros (2500-10%).<\/p>\n<p>&nbsp;<\/p>\n<p>The prices include VAT.<\/p>\n<p>&nbsp;<\/p>\n<p><strong>Returning income tax<\/strong><\/p>\n<p>The school has registered an economic activity notice in the Estonian Educational information system, which gives the students an opportunity to transfer training fees to private person income statement and to request returning of income tax. For more information, click <span style=\"text-decoration: underline; color: #993366;\"><a style=\"color: #993366; text-decoration: underline;\" href=\"https:\/\/teadlikmina.ee\/hypnoteraapia\/oppemaks\/\" target=\"_blank\" rel=\"noopener noreferrer\">here<\/a>.<\/span>[\/vc_column_text][\/vc_tab][vc_tab title=&#8221;STUDY LEAVE&#8221; tab_id=&#8221;1434537603597-3-5&#8243;][vc_column_text]We have submitted an economic activity\u00a0notice for conducting complementary\u00a0training for adults (see more <span style=\"text-decoration: underline;\"><span style=\"color: #993366;\"><a style=\"color: #993366; text-decoration: underline;\" href=\"https:\/\/teadlikmina.ee\/en\/about-us\/\">here<\/a><\/span><\/span>). <span style=\"text-decoration: underline;\"><span style=\"color: #993366;\"><a style=\"color: #993366; text-decoration: underline;\" href=\"https:\/\/www.riigiteataja.ee\/akt\/110062015010\">Adult training law<\/a><\/span><\/span> \u00a713 defines, that<\/p>\n<p>(1)\u00a0 Employee and an official (henceforth as <em>employee<\/em>) are given, according to request and educational institution\u2019s note, study leave of 30 calendar days in a calendar year, to take part in formal educational training or supplemental training institution\u2019s enforceable supplementary training \u2026<\/p>\n<p>(3) During the study leave, given for taking part in adult complementary training in formal educational institution and in the aim of professional self-completion, an employee is paid the average calendar day-based study leave for 20 calendar days, as imposed in the order based on work contract law \u00a7 29 8th cut \u2026<\/p>\n<p>If you need a reference from the school about taking part in the training, inform us\u00a0on the address <a href=\"mailto:info@teadlikmina.ee\">info(at)teadlikmina.ee<\/a>. If you need a reference for each module separately, then send us a notice before or after the module &#8211; as you have agreed in the workplace.[\/vc_column_text][\/vc_tab][vc_tab title=&#8221;STUDY CONTRACT&#8221; tab_id=&#8221;1434537651526-5-10&#8243;][vc_column_text]Study contract fixates the agreements about the content and form of curricular work and tuition fee between the student and the school. The contract is temporary and is made after the first open school module for one curricular year. There are 11 school modules in one curricular year. The student has to pick one of the optional modules, either mind-body seminar in spring or the summer seminar. School break is in July and August. The student has the right to end the contract one-sidedly.[\/vc_column_text][\/vc_tab][\/vc_tabs][vc_separator type=&#8221;transparent&#8221; up=&#8221;5&#8243; down=&#8221;50&#8243;][vc_column_text]<span style=\"color: #b55e5e;\"><em>Dear friends, <\/em><\/span><\/p>\n<p><span style=\"color: #b55e5e;\"><em>We are starting the training group for the 14th transpersonal psychology and hypnotherapy course. The course is going have a duration of 4 years. The auditory part of the curricular work takes place once a month as 3-day modules.<\/em><\/span><\/p>\n<p><span style=\"color: #b55e5e;\"><em>In the studies you acquire knowledge and practical skills in hypnotherapy (also hypnoanalysis and hypno-healing), psychotherapy and counselling psychology. It is an experiential course, where the newest and the most innovative approaches in psychoneuroimmunology, transpersonal and existential psychology are worked through &#8211; which is why this is the first and only course in the world, where psychology, medicine and philosophy are not looked at as different disciplines, but looked at as a whole.<\/em><\/span><\/p>\n<p><span style=\"color: #b55e5e;\"><em>If You want Your life to be interesting and full of challenges, You wish to create a better future for the world with your work, bring changes to Your life and the others around you, then this will be the start of a career that is exciting and offers constant opportunities for self-development.<\/em><\/span><\/p>\n<p><span style=\"color: #b55e5e;\"><em>\u00a0<\/em><\/span><\/p>\n<p><span style=\"color: #b55e5e;\"><em>With warm greetings and excitement,<\/em><\/span><\/p>\n<p><span style=\"color: #b55e5e;\"><em>Jure Biechonski<\/em><\/span><\/p>\n<p><span style=\"color: #b55e5e;\"><em>Founder and head of the school<\/em><\/span>[\/vc_column_text][\/vc_column][\/vc_row]<\/p>\n<\/div>","protected":false},"excerpt":{"rendered":"<p>[vc_row css_animation=&#8221;&#8221; row_type=&#8221;row&#8221; use_row_as_full_screen_section=&#8221;no&#8221; type=&#8221;full_width&#8221; angled_section=&#8221;no&#8221; text_align=&#8221;left&#8221; background_image_as_pattern=&#8221;without_pattern&#8221; background_color=&#8221;#ffffff&#8221; padding_top=&#8221;0&#8243; padding_bottom=&#8221;95&#8243; padding=&#8221;2&#8243;][vc_column][vc_column_text] 4-year course 2026 First module on 13th-15th February 2026 [\/vc_column_text][vc_separator type=&#8221;small&#8221; position=&#8221;left&#8221; up=&#8221;20&#8243; down=&#8221;52&#8243;][vc_column_text] Jure Biechonski, MSc, counselling psychologist Do you know who you are and what kind of life you want to&#8230;<\/p>\n","protected":false},"author":4,"featured_media":0,"parent":18954,"menu_order":0,"comment_status":"open","ping_status":"open","template":"","meta":{"footnotes":""},"class_list":["post-18950","page","type-page","status-publish","hentry"],"yoast_head":"<!-- This site is optimized with the Yoast SEO plugin v27.4 - https:\/\/yoast.com\/product\/yoast-seo-wordpress\/ -->\n<title>4-year course 2026 - Teadlik Mina<\/title>\n<meta name=\"description\" content=\"The 4-year course of transpersonal counselling and hypnotherapy is the place, where you can learn to live in bigger harmony with the world.\" \/>\n<meta name=\"robots\" content=\"index, follow, max-snippet:-1, max-image-preview:large, max-video-preview:-1\" \/>\n<link rel=\"canonical\" href=\"https:\/\/teadlikmina.ee\/en\/hypnotherapy\/4-year-course-2026\/\" \/>\n<meta property=\"og:locale\" content=\"en_US\" \/>\n<meta property=\"og:type\" content=\"article\" \/>\n<meta property=\"og:title\" content=\"4-year course 2026 - Teadlik Mina\" \/>\n<meta property=\"og:description\" content=\"The 4-year course of transpersonal counselling and hypnotherapy is the place, where you can learn to live in bigger harmony with the world.\" \/>\n<meta property=\"og:url\" content=\"https:\/\/teadlikmina.ee\/en\/hypnotherapy\/4-year-course-2026\/\" \/>\n<meta property=\"og:site_name\" content=\"Teadlik Mina\" \/>\n<meta property=\"article:publisher\" content=\"https:\/\/www.facebook.com\/terviklik.mina\" \/>\n<meta property=\"article:modified_time\" content=\"2026-01-25T16:03:48+00:00\" \/>\n<meta property=\"og:image\" content=\"https:\/\/teadlikmina.ee\/wp-content\/uploads\/2014\/04\/Jure.jpg\" \/>\n\t<meta property=\"og:image:width\" content=\"560\" \/>\n\t<meta property=\"og:image:height\" content=\"373\" \/>\n\t<meta property=\"og:image:type\" content=\"image\/jpeg\" \/>\n<meta name=\"twitter:card\" content=\"summary_large_image\" \/>\n<meta name=\"twitter:label1\" content=\"Est. reading time\" \/>\n\t<meta name=\"twitter:data1\" content=\"11 minutes\" \/>\n<script type=\"application\/ld+json\" class=\"yoast-schema-graph\">{\"@context\":\"https:\\\/\\\/schema.org\",\"@graph\":[{\"@type\":\"WebPage\",\"@id\":\"https:\\\/\\\/teadlikmina.ee\\\/en\\\/hypnotherapy\\\/4-year-course-2026\\\/\",\"url\":\"https:\\\/\\\/teadlikmina.ee\\\/en\\\/hypnotherapy\\\/4-year-course-2026\\\/\",\"name\":\"4-year course 2026 - Teadlik Mina\",\"isPartOf\":{\"@id\":\"https:\\\/\\\/teadlikmina.ee\\\/#website\"},\"primaryImageOfPage\":{\"@id\":\"https:\\\/\\\/teadlikmina.ee\\\/en\\\/hypnotherapy\\\/4-year-course-2026\\\/#primaryimage\"},\"image\":{\"@id\":\"https:\\\/\\\/teadlikmina.ee\\\/en\\\/hypnotherapy\\\/4-year-course-2026\\\/#primaryimage\"},\"thumbnailUrl\":\"https:\\\/\\\/teadlikmina.ee\\\/wp-content\\\/uploads\\\/2014\\\/04\\\/Jure-300x200.jpg\",\"datePublished\":\"2017-08-29T07:50:30+00:00\",\"dateModified\":\"2026-01-25T16:03:48+00:00\",\"description\":\"The 4-year course of transpersonal counselling and hypnotherapy is the place, where you can learn to live in bigger harmony with the world.\",\"breadcrumb\":{\"@id\":\"https:\\\/\\\/teadlikmina.ee\\\/en\\\/hypnotherapy\\\/4-year-course-2026\\\/#breadcrumb\"},\"inLanguage\":\"en-US\",\"potentialAction\":[{\"@type\":\"ReadAction\",\"target\":[\"https:\\\/\\\/teadlikmina.ee\\\/en\\\/hypnotherapy\\\/4-year-course-2026\\\/\"]}]},{\"@type\":\"ImageObject\",\"inLanguage\":\"en-US\",\"@id\":\"https:\\\/\\\/teadlikmina.ee\\\/en\\\/hypnotherapy\\\/4-year-course-2026\\\/#primaryimage\",\"url\":\"https:\\\/\\\/teadlikmina.ee\\\/wp-content\\\/uploads\\\/2014\\\/04\\\/Jure-300x200.jpg\",\"contentUrl\":\"https:\\\/\\\/teadlikmina.ee\\\/wp-content\\\/uploads\\\/2014\\\/04\\\/Jure-300x200.jpg\"},{\"@type\":\"BreadcrumbList\",\"@id\":\"https:\\\/\\\/teadlikmina.ee\\\/en\\\/hypnotherapy\\\/4-year-course-2026\\\/#breadcrumb\",\"itemListElement\":[{\"@type\":\"ListItem\",\"position\":1,\"name\":\"Home\",\"item\":\"https:\\\/\\\/teadlikmina.ee\\\/en\\\/\"},{\"@type\":\"ListItem\",\"position\":2,\"name\":\"Hypnotherapy\",\"item\":\"https:\\\/\\\/teadlikmina.ee\\\/en\\\/hypnotherapy\\\/\"},{\"@type\":\"ListItem\",\"position\":3,\"name\":\"4-year course 2026\"}]},{\"@type\":\"WebSite\",\"@id\":\"https:\\\/\\\/teadlikmina.ee\\\/#website\",\"url\":\"https:\\\/\\\/teadlikmina.ee\\\/\",\"name\":\"Teadlik Mina\",\"description\":\"Transpersonaalse ps\u00fchholoogia ja h\u00fcpnoteraapia erakool\",\"potentialAction\":[{\"@type\":\"SearchAction\",\"target\":{\"@type\":\"EntryPoint\",\"urlTemplate\":\"https:\\\/\\\/teadlikmina.ee\\\/?s={search_term_string}\"},\"query-input\":{\"@type\":\"PropertyValueSpecification\",\"valueRequired\":true,\"valueName\":\"search_term_string\"}}],\"inLanguage\":\"en-US\"}]}<\/script>\n<!-- \/ Yoast SEO plugin. -->","yoast_head_json":{"title":"4-year course 2026 - Teadlik Mina","description":"The 4-year course of transpersonal counselling and hypnotherapy is the place, where you can learn to live in bigger harmony with the world.","robots":{"index":"index","follow":"follow","max-snippet":"max-snippet:-1","max-image-preview":"max-image-preview:large","max-video-preview":"max-video-preview:-1"},"canonical":"https:\/\/teadlikmina.ee\/en\/hypnotherapy\/4-year-course-2026\/","og_locale":"en_US","og_type":"article","og_title":"4-year course 2026 - Teadlik Mina","og_description":"The 4-year course of transpersonal counselling and hypnotherapy is the place, where you can learn to live in bigger harmony with the world.","og_url":"https:\/\/teadlikmina.ee\/en\/hypnotherapy\/4-year-course-2026\/","og_site_name":"Teadlik Mina","article_publisher":"https:\/\/www.facebook.com\/terviklik.mina","article_modified_time":"2026-01-25T16:03:48+00:00","og_image":[{"width":560,"height":373,"url":"https:\/\/teadlikmina.ee\/wp-content\/uploads\/2014\/04\/Jure.jpg","type":"image\/jpeg"}],"twitter_card":"summary_large_image","twitter_misc":{"Est. reading time":"11 minutes"},"schema":{"@context":"https:\/\/schema.org","@graph":[{"@type":"WebPage","@id":"https:\/\/teadlikmina.ee\/en\/hypnotherapy\/4-year-course-2026\/","url":"https:\/\/teadlikmina.ee\/en\/hypnotherapy\/4-year-course-2026\/","name":"4-year course 2026 - Teadlik Mina","isPartOf":{"@id":"https:\/\/teadlikmina.ee\/#website"},"primaryImageOfPage":{"@id":"https:\/\/teadlikmina.ee\/en\/hypnotherapy\/4-year-course-2026\/#primaryimage"},"image":{"@id":"https:\/\/teadlikmina.ee\/en\/hypnotherapy\/4-year-course-2026\/#primaryimage"},"thumbnailUrl":"https:\/\/teadlikmina.ee\/wp-content\/uploads\/2014\/04\/Jure-300x200.jpg","datePublished":"2017-08-29T07:50:30+00:00","dateModified":"2026-01-25T16:03:48+00:00","description":"The 4-year course of transpersonal counselling and hypnotherapy is the place, where you can learn to live in bigger harmony with the world.","breadcrumb":{"@id":"https:\/\/teadlikmina.ee\/en\/hypnotherapy\/4-year-course-2026\/#breadcrumb"},"inLanguage":"en-US","potentialAction":[{"@type":"ReadAction","target":["https:\/\/teadlikmina.ee\/en\/hypnotherapy\/4-year-course-2026\/"]}]},{"@type":"ImageObject","inLanguage":"en-US","@id":"https:\/\/teadlikmina.ee\/en\/hypnotherapy\/4-year-course-2026\/#primaryimage","url":"https:\/\/teadlikmina.ee\/wp-content\/uploads\/2014\/04\/Jure-300x200.jpg","contentUrl":"https:\/\/teadlikmina.ee\/wp-content\/uploads\/2014\/04\/Jure-300x200.jpg"},{"@type":"BreadcrumbList","@id":"https:\/\/teadlikmina.ee\/en\/hypnotherapy\/4-year-course-2026\/#breadcrumb","itemListElement":[{"@type":"ListItem","position":1,"name":"Home","item":"https:\/\/teadlikmina.ee\/en\/"},{"@type":"ListItem","position":2,"name":"Hypnotherapy","item":"https:\/\/teadlikmina.ee\/en\/hypnotherapy\/"},{"@type":"ListItem","position":3,"name":"4-year course 2026"}]},{"@type":"WebSite","@id":"https:\/\/teadlikmina.ee\/#website","url":"https:\/\/teadlikmina.ee\/","name":"Teadlik Mina","description":"Transpersonaalse ps\u00fchholoogia ja h\u00fcpnoteraapia erakool","potentialAction":[{"@type":"SearchAction","target":{"@type":"EntryPoint","urlTemplate":"https:\/\/teadlikmina.ee\/?s={search_term_string}"},"query-input":{"@type":"PropertyValueSpecification","valueRequired":true,"valueName":"search_term_string"}}],"inLanguage":"en-US"}]}},"_links":{"self":[{"href":"https:\/\/teadlikmina.ee\/en\/wp-json\/wp\/v2\/pages\/18950","targetHints":{"allow":["GET"]}}],"collection":[{"href":"https:\/\/teadlikmina.ee\/en\/wp-json\/wp\/v2\/pages"}],"about":[{"href":"https:\/\/teadlikmina.ee\/en\/wp-json\/wp\/v2\/types\/page"}],"author":[{"embeddable":true,"href":"https:\/\/teadlikmina.ee\/en\/wp-json\/wp\/v2\/users\/4"}],"replies":[{"embeddable":true,"href":"https:\/\/teadlikmina.ee\/en\/wp-json\/wp\/v2\/comments?post=18950"}],"version-history":[{"count":0,"href":"https:\/\/teadlikmina.ee\/en\/wp-json\/wp\/v2\/pages\/18950\/revisions"}],"up":[{"embeddable":true,"href":"https:\/\/teadlikmina.ee\/en\/wp-json\/wp\/v2\/pages\/18954"}],"wp:attachment":[{"href":"https:\/\/teadlikmina.ee\/en\/wp-json\/wp\/v2\/media?parent=18950"}],"curies":[{"name":"wp","href":"https:\/\/api.w.org\/{rel}","templated":true}]}}